{"id":653,"date":"2025-07-29T12:38:33","date_gmt":"2025-07-29T12:38:33","guid":{"rendered":"https:\/\/hanfology.com\/?page_id=653"},"modified":"2026-02-12T20:51:20","modified_gmt":"2026-02-12T20:51:20","slug":"willkommen","status":"publish","type":"page","link":"https:\/\/hanfology.com\/en\/","title":{"rendered":"Welcome"},"content":{"rendered":"<div class=\"banner has-hover has-video\" id=\"banner-859878833\">\n          <div class=\"banner-inner fill\">\n        <div class=\"banner-bg fill\" >\n                        \t<div class=\"video-overlay no-click fill visible\"><\/div>\n\t<video class=\"video-bg fill visible\" preload playsinline autoplay muted loop>\n\t\t<source src=\"\/wp-content\/uploads\/2025\/10\/Final-8-Fina-Final-Hanfology-Header-Video-Final-hb.mp4\" type=\"video\/mp4\">\t<\/video>\n                        \n                    <\/div>\n\t\t\n        <div class=\"banner-layers container\">\n            <div class=\"fill banner-link\"><\/div>            \n\n   <div id=\"text-box-735264008\" class=\"text-box banner-layer x50 md-x50 lg-x50 y50 md-y50 lg-y50 res-text\">\n                                <div class=\"text-box-content text dark\">\n              \n              <div class=\"text-inner text-center\">\n                  \n\n\n              <\/div>\n           <\/div>\n                            \n<style>\n#text-box-735264008 {\n  width: 60%;\n}\n#text-box-735264008 .text-box-content {\n  font-size: 100%;\n}\n@media (min-width:550px) {\n  #text-box-735264008 {\n    width: 60%;\n  }\n}\n<\/style>\n    <\/div>\n \n\n        <\/div>\n      <\/div>\n\n            \n<style>\n#banner-859878833 {\n  padding-top: 56.25%;\n}\n<\/style>\n  <\/div>\n\n\n\t<div id=\"gap-459483744\" class=\"gap-element clearfix\" style=\"display:block; height:auto;\">\n\t\t\n<style>\n#gap-459483744 {\n  padding-top: 30px;\n}\n<\/style>\n\t<\/div>\n\t\n\n\n\t<section class=\"section\" id=\"section_1128034244\">\n\t\t<div class=\"section-bg fill\" >\n\t\t\t\t\t\t\t\t\t\n\t\t\t\n\n\t\t<\/div>\n\n\t\t\n\n\t\t<div class=\"section-content relative\">\n\t\t\t\n\n<div class=\"row\"  id=\"row-1177752043\">\n\n\n\t<div id=\"col-464096833\" class=\"col medium-5 small-12 large-5\"  >\n\t\t\t\t<div class=\"col-inner\"  >\n\t\t\t\n\t\t\t\n\n<div class=\"container section-title-container titel-mit-schwarzer-linie\" ><h1 class=\"section-title section-title-center\"><b aria-hidden=\"true\"><\/b><span class=\"section-title-main\" style=\"color:#bba188;\">Welcome<\/span><b aria-hidden=\"true\"><\/b><\/h1><\/div>\n\n\n\t\t<\/div>\n\t\t\t\t\t<\/div>\n\n\t\n\n\t<div id=\"col-1389586162\" class=\"col medium-7 small-12 large-7\"  >\n\t\t\t\t<div class=\"col-inner\"  >\n\t\t\t\n\t\t\t\n\n\t<div id=\"text-1211022156\" class=\"text\">\n\t\t\n\n<span style=\"font-size: 110%;\">We&#039;re in the middle of building \u2013 and we&#039;re happy to have you with us already. This is becoming a place for knowledge, connection, and the conscious use of hemp.<\/span>\n\t\t\n<style>\n#text-1211022156 {\n  font-size: 1rem;\n  color: #bba188;\n}\n#text-1211022156 > * {\n  color: #bba188;\n}\n<\/style>\n\t<\/div>\n\t\n\n\t\t<\/div>\n\t\t\t\t\t<\/div>\n\n\t\n\n<\/div>\n\n\t\t<\/div>\n\n\t\t\n<style>\n#section_1128034244 {\n  padding-top: 30px;\n  padding-bottom: 30px;\n}\n<\/style>\n\t<\/section>\n\t\n\n\t<section class=\"section\" id=\"section_11152312\">\n\t\t<div class=\"section-bg fill\" >\n\t\t\t\t\t\t\t\t\t\n\t\t\t\n\n\t\t<\/div>\n\n\t\t\n\n\t\t<div class=\"section-content relative\">\n\t\t\t\n\n<div class=\"row\"  id=\"row-214530409\">\n\n\n\t<div id=\"col-51967413\" class=\"col medium-5 small-12 large-5\"  >\n\t\t\t\t<div class=\"col-inner\"  >\n\t\t\t\n\t\t\t\n\n<div class=\"container section-title-container titel-mit-schwarzer-linie\" ><h2 class=\"section-title section-title-center\"><b aria-hidden=\"true\"><\/b><span class=\"section-title-main\" style=\"color:#bba188;\">Understanding the effects of hemp<\/span><b aria-hidden=\"true\"><\/b><\/h2><\/div>\n\n\n\t\t<\/div>\n\t\t\t\t\t<\/div>\n\n\t\n\n\t<div id=\"col-2000013118\" class=\"col medium-7 small-12 large-7\"  >\n\t\t\t\t<div class=\"col-inner\"  >\n\t\t\t\n\t\t\t\n\n\t<div id=\"text-2717175292\" class=\"text\">\n\t\t\n\n<p class=\"p1\"><span style=\"font-size: 110%;\"><span class=\"s1\">How to mindfully integrate hemp into your everyday life \u2013 <\/span><span class=\"s1\">For more well-being, clarity &amp; balance.<\/span><\/span><\/p>\n\t\t\n<style>\n#text-2717175292 {\n  font-size: 1rem;\n  color: #bba188;\n}\n#text-2717175292 > * {\n  color: #bba188;\n}\n<\/style>\n\t<\/div>\n\t\n\n\t\t<\/div>\n\t\t\t\t\t<\/div>\n\n\t\n\n<\/div>\n\n\t\t<\/div>\n\n\t\t\n<style>\n#section_11152312 {\n  padding-top: 30px;\n  padding-bottom: 30px;\n}\n<\/style>\n\t<\/section>\n\t\n<div class=\"text-center\"><div class=\"is-divider divider clearfix\" style=\"max-width:1050px;background-color:#bba188;\"><\/div><\/div>\n\n\t<div id=\"gap-318791185\" class=\"gap-element clearfix\" style=\"display:block; height:auto;\">\n\t\t\n<style>\n#gap-318791185 {\n  padding-top: 30px;\n}\n<\/style>\n\t<\/div>\n\t\n\n\t<div id=\"gap-102668590\" class=\"gap-element clearfix\" style=\"display:block; height:auto;\">\n\t\t\n<style>\n#gap-102668590 {\n  padding-top: 30px;\n}\n<\/style>\n\t<\/div>\n\t\n\n<div class=\"row\"  id=\"row-798550739\">\n\n\n\t<div id=\"col-1617547451\" class=\"col medium-4 small-12 large-4\"  >\n\t\t\t\t<div class=\"col-inner\"  >\n\t\t\t\n\t\t\t\n\n\t<div class=\"box has-hover   has-hover box-text-bottom\" >\n\n\t\t<div class=\"box-image\" style=\"border-radius:10%;\">\n\t\t\t\t\t\t<div class=\"image-zoom-fade\" >\n\t\t\t\t<img loading=\"lazy\" decoding=\"async\" width=\"500\" height=\"500\" src=\"https:\/\/hanfology.com\/wp-content\/uploads\/2025\/07\/learnen-mit-hanf-klarheit-wissen-wirkung-.jpg\" class=\"attachment- size-\" alt=\"\" srcset=\"https:\/\/hanfology.com\/wp-content\/uploads\/2025\/07\/learnen-mit-hanf-klarheit-wissen-wirkung-.jpg 500w, https:\/\/hanfology.com\/wp-content\/uploads\/2025\/07\/learnen-mit-hanf-klarheit-wissen-wirkung--400x400.jpg 400w, https:\/\/hanfology.com\/wp-content\/uploads\/2025\/07\/learnen-mit-hanf-klarheit-wissen-wirkung--280x280.jpg 280w\" sizes=\"auto, (max-width: 500px) 100vw, 500px\" \/>\t\t\t\t\t\t\t\t\t\t\t<\/div>\n\t\t\t\t\t<\/div>\n\n\t\t<div class=\"box-text text-center\" >\n\t\t\t<div class=\"box-text-inner\">\n\t\t\t\t\n\n\t<div id=\"text-2383094545\" class=\"text\">\n\t\t\n\n<h2 class=\"p1\"><strong><span style=\"font-size: 120%;\">Understand<\/span><\/strong><\/h2>\n<p class=\"p1\"><span style=\"font-size: 120%;\">means deciding for yourself<\/span><\/p>\n\t\t\n<style>\n#text-2383094545 {\n  color: #454a7f;\n}\n#text-2383094545 > * {\n  color: #454a7f;\n}\n<\/style>\n\t<\/div>\n\t\n\n\t\t\t<\/div>\n\t\t<\/div>\n\t<\/div>\n\t\n\n\t\t<\/div>\n\t\t\t\t\t<\/div>\n\n\t\n\n\t<div id=\"col-47216591\" class=\"col medium-4 small-12 large-4\"  >\n\t\t\t\t<div class=\"col-inner text-center\"  >\n\t\t\t\n\t\t\t\n\n\t<div class=\"box has-hover   has-hover box-text-bottom\" >\n\n\t\t<div class=\"box-image\" style=\"border-radius:10%;\">\n\t\t\t\t\t\t<div class=\"image-zoom-fade\" >\n\t\t\t\t<img loading=\"lazy\" decoding=\"async\" width=\"500\" height=\"500\" src=\"https:\/\/hanfology.com\/wp-content\/uploads\/2025\/07\/hanf-cbd-anwendung.jpg\" class=\"attachment- size-\" alt=\"Illustration einer Person in Balance \u2013 f\u00fcr bewusstes Anwenden von Hanf- und CBD-Produkten zur Unterst\u00fctzung von K\u00f6rper und Wohlbefinden\" srcset=\"https:\/\/hanfology.com\/wp-content\/uploads\/2025\/07\/hanf-cbd-anwendung.jpg 500w, https:\/\/hanfology.com\/wp-content\/uploads\/2025\/07\/hanf-cbd-anwendung-400x400.jpg 400w, https:\/\/hanfology.com\/wp-content\/uploads\/2025\/07\/hanf-cbd-anwendung-280x280.jpg 280w\" sizes=\"auto, (max-width: 500px) 100vw, 500px\" \/>\t\t\t\t\t\t\t\t\t\t\t<\/div>\n\t\t\t\t\t<\/div>\n\n\t\t<div class=\"box-text text-center\" >\n\t\t\t<div class=\"box-text-inner\">\n\t\t\t\t\n\n\t<div id=\"text-879335577\" class=\"text\">\n\t\t\n\n<h2><strong><span style=\"font-size: 120%;\">Experience<\/span><\/strong><\/h2>\n<p><span style=\"font-size: 120%;\">Experience hemp consciously<\/span><\/p>\n\t\t\n<style>\n#text-879335577 {\n  color: #580c1f;\n}\n#text-879335577 > * {\n  color: #580c1f;\n}\n<\/style>\n\t<\/div>\n\t\n\n\t\t\t<\/div>\n\t\t<\/div>\n\t<\/div>\n\t\n\n\t\t<\/div>\n\t\t\t\t\n<style>\n#col-47216591 > .col-inner {\n  max-width: 600px;\n}\n<\/style>\n\t<\/div>\n\n\t\n\n\t<div id=\"col-634153452\" class=\"col medium-4 small-12 large-4\"  >\n\t\t\t\t<div class=\"col-inner\"  >\n\t\t\t\n\t\t\t\n\n\t<div class=\"box has-hover   has-hover box-text-bottom\" >\n\n\t\t<div class=\"box-image\" style=\"border-radius:10%;\">\n\t\t\t\t\t\t<div class=\"image-zoom-fade\" >\n\t\t\t\t<img loading=\"lazy\" decoding=\"async\" width=\"500\" height=\"500\" src=\"https:\/\/hanfology.com\/wp-content\/uploads\/2025\/07\/Erfahren-Hanf-bewusst-erleben.jpg\" class=\"attachment- size-\" alt=\"Abstraktes Logo mit vier verbundenen Figuren im Kreis um ein Hanfblatt \u2013 Symbol f\u00fcr Gemeinschaft und ganzheitliches Wohlbefinden\" srcset=\"https:\/\/hanfology.com\/wp-content\/uploads\/2025\/07\/Erfahren-Hanf-bewusst-erleben.jpg 500w, https:\/\/hanfology.com\/wp-content\/uploads\/2025\/07\/Erfahren-Hanf-bewusst-erleben-400x400.jpg 400w, https:\/\/hanfology.com\/wp-content\/uploads\/2025\/07\/Erfahren-Hanf-bewusst-erleben-280x280.jpg 280w\" sizes=\"auto, (max-width: 500px) 100vw, 500px\" \/>\t\t\t\t\t\t\t\t\t\t\t<\/div>\n\t\t\t\t\t<\/div>\n\n\t\t<div class=\"box-text text-center\" >\n\t\t\t<div class=\"box-text-inner\">\n\t\t\t\t\n\n\t<div id=\"text-2461868900\" class=\"text\">\n\t\t\n\n<h2><strong><span style=\"font-size: 120%;\">Trust<\/span><\/strong><\/h2>\n<p class=\"p1\"><span style=\"font-size: 120%;\">Growing together<\/span><\/p>\n\t\t\n<style>\n#text-2461868900 {\n  color: rgb(125, 137, 122);\n}\n#text-2461868900 > * {\n  color: rgb(125, 137, 122);\n}\n<\/style>\n\t<\/div>\n\t\n\n\t\t\t<\/div>\n\t\t<\/div>\n\t<\/div>\n\t\n\n\t\t<\/div>\n\t\t\t\t\t<\/div>\n\n\t\n\n<\/div>\n<div class=\"row\"  id=\"row-289403796\">\n\n\n\t<div id=\"col-280865560\" class=\"col small-12 large-12\"  >\n\t\t\t\t<div class=\"col-inner\"  >\n\t\t\t\n\t\t\t\n\n\t<div id=\"text-2459962264\" class=\"text\">\n\t\t\n\n<p class=\"p1\"><span style=\"font-size: 110%;\">Hanfology empowers individuals and professionals to confidently explore cannabis \u2013 with evidence-based education, unbiased support, and thoughtfully developed tools.<b><\/b><\/span><\/p>\r\n<p class=\"p2\"><span style=\"font-size: 110%;\">We combine plant knowledge with modern science and help you integrate mindful, individual health routines into your everyday life \u2013 free from hype, shame or confusion.<\/span><\/p>\n\t\t\n<style>\n#text-2459962264 {\n  font-size: 1.05rem;\n  text-align: left;\n  color: rgb(0,0,0);\n}\n#text-2459962264 > * {\n  color: rgb(0,0,0);\n}\n<\/style>\n\t<\/div>\n\t\n\n\t\t<\/div>\n\t\t\t\t\t<\/div>\n\n\t\n\n<\/div>\n\n\t<section class=\"section\" id=\"section_546502016\">\n\t\t<div class=\"section-bg fill\" >\n\t\t\t\t\t\t\t\t\t\n\t\t\t\n\n\t\t<\/div>\n\n\t\t\n\n\t\t<div class=\"section-content relative\">\n\t\t\t\n\n\t<div id=\"gap-1269670626\" class=\"gap-element clearfix\" style=\"display:block; height:auto;\">\n\t\t\n<style>\n#gap-1269670626 {\n  padding-top: 30px;\n}\n<\/style>\n\t<\/div>\n\t\n\n<div class=\"row\"  id=\"row-705286119\">\n\n\n\t<div id=\"col-17529302\" class=\"col medium-5 small-12 large-5\"  >\n\t\t\t\t<div class=\"col-inner\"  >\n\t\t\t\n\t\t\t\n\n<h2><span style=\"color: #282828; font-size: 100%;\">Stay in touch with us \u2013 we&#039;ll get back to you as soon as HANFOLOGY is online.<\/span><\/h2>\n\n\t\t<\/div>\n\t\t\t\t\t<\/div>\n\n\t\n\n\t<div id=\"col-962532918\" class=\"col medium-6 small-12 large-6\"  >\n\t\t\t\t<div class=\"col-inner\"  >\n\t\t\t\n\t\t\t\n\n\n\n<div class='fluentform ff-default fluentform_wrapper_3 ffs_default_wrap'><form data-form_id=\"3\" id=\"fluentform_3\" class=\"frm-fluent-form fluent_form_3 ff-el-form-top ff_form_instance_3_1 ff-form-loading ffs_default\" data-form_instance=\"ff_form_instance_3_1\" method=\"POST\" action=\"\" ><fieldset  style=\"border: none!important;margin: 0!important;padding: 0!important;background-color: transparent!important;box-shadow: none!important;outline: none!important; min-inline-size: 100%;\">\n                    <legend class=\"ff_screen_reader_title\" style=\"display: block; margin: 0!important;padding: 0!important;height: 0!important;text-indent: -999999px;width: 0!important;overflow:hidden;\">email sign up<\/legend><input type='hidden' name='__fluent_form_embded_post_id' value='653' \/><input type=\"hidden\" id=\"_fluentform_3_fluentformnonce\" name=\"_fluentform_3_fluentformnonce\" value=\"40a1ebc254\" \/><input type=\"hidden\" name=\"_wp_http_referer\" value=\"\/en\/wp-json\/wp\/v2\/pages\/653\" \/><div class='ff-el-group ff-el-form-hide_label'><div class=\"ff-el-input--label asterisk-right\"><label for='ff_3_email' id='label_ff_3_email' aria-label=\"E-mail\">E-mail<\/label><\/div><div class='ff-el-input--content'><input type=\"email\" name=\"email\" id=\"ff_3_email\" class=\"ff-el-form-control\" placeholder=\"Your email address\" data-name=\"email\"  aria-invalid=\"false\" aria-required=\"false\"><\/div><\/div><div class='ff-el-group'><div class=\"ff-el-input--label ff-el-is-required asterisk-right\"><label   aria-label=\"GDPR - By registering, you will receive our Hanfology newsletter with information about products, promotions, and news. Your data will be treated confidentially in accordance with our privacy policy. You can unsubscribe at any time.\">GDPR - By registering, you will receive our Hanfology newsletter with information about products, promotions, and news. Your data will be treated confidentially in accordance with our privacy policy. You can unsubscribe at any time.<\/label><\/div><div class='ff-el-input--content'><div class='ff-el-form-check ff-el-form-check-'><label class='ff-el-form-check-label' for='checkbox_7ef2aba1c81a89487df935d4ed4780f8'><input  type=\"checkbox\" name=\"checkbox[]\" data-name=\"checkbox\" class=\"ff-el-form-check-input ff-el-form-check-checkbox\" value=\"Ich stimme zu\"  id='checkbox_7ef2aba1c81a89487df935d4ed4780f8' aria-label='I agree' aria-invalid='false' aria-required=\"true\"> <span>I agree<\/span><\/label><\/div><\/div><\/div><div class='ff-el-group ff-text-left ff_submit_btn_wrapper'><button type=\"submit\" class=\"ff-btn ff-btn-submit ff-btn-md ff_btn_style wpf_has_custom_css\"  aria-label=\"Yes, I&#039;m in!\">Yes, I&#039;m in!<\/button><\/div><\/fieldset><input type=\"hidden\" name=\"trp-form-language\" value=\"en\"\/><\/form><div id='fluentform_3_errors' class='ff-errors-in-stack ff_form_instance_3_1 ff-form-loading_errors ff_form_instance_3_1_errors'><\/div><\/div>            <script type=\"text\/javascript\">\n                window.fluent_form_ff_form_instance_3_1 = {\"id\":\"3\",\"ajaxUrl\":\"https:\\\/\\\/hanfology.com\\\/wp-admin\\\/admin-ajax.php\",\"settings\":{\"layout\":{\"labelPlacement\":\"top\",\"asteriskPlacement\":\"asterisk-right\",\"helpMessagePlacement\":\"with_label\",\"errorMessagePlacement\":\"inline\",\"cssClassName\":\"\"},\"restrictions\":{\"denyEmptySubmission\":{\"enabled\":false}}},\"form_instance\":\"ff_form_instance_3_1\",\"form_id_selector\":\"fluentform_3\",\"rules\":{\"email\":{\"required\":{\"value\":false,\"message\":\"This field is required\",\"global_message\":\"This field is required\",\"global\":true},\"email\":{\"value\":true,\"message\":\"This field must contain a valid email\",\"global_message\":\"This field must contain a valid email\",\"global\":true}},\"checkbox\":{\"required\":{\"value\":true,\"message\":\"This field is required\",\"global_message\":\"This field is required\",\"global\":true}}},\"debounce_time\":300};\n                            <\/script>\n            \n\n\n\t\t<\/div>\n\t\t\t\t\t<\/div>\n\n\t\n\n<\/div>\n<div class=\"text-center\"><div class=\"is-divider divider clearfix\" style=\"max-width:1050px;background-color:#bba188;\"><\/div><\/div>\n\n\t<div id=\"gap-86812773\" class=\"gap-element clearfix\" style=\"display:block; height:auto;\">\n\t\t\n<style>\n#gap-86812773 {\n  padding-top: 30px;\n}\n<\/style>\n\t<\/div>\n\t\n\n\n\t\t<\/div>\n\n\t\t\n<style>\n#section_546502016 {\n  padding-top: 0px;\n  padding-bottom: 0px;\n}\n<\/style>\n\t<\/section>","protected":false},"excerpt":{"rendered":"","protected":false},"author":6,"featured_media":0,"parent":0,"menu_order":0,"comment_status":"closed","ping_status":"closed","template":"page-blank-landingpage.php","meta":{"footnotes":""},"class_list":["post-653","page","type-page","status-publish","hentry"],"_links":{"self":[{"href":"https:\/\/hanfology.com\/en\/wp-json\/wp\/v2\/pages\/653","targetHints":{"allow":["GET"]}}],"collection":[{"href":"https:\/\/hanfology.com\/en\/wp-json\/wp\/v2\/pages"}],"about":[{"href":"https:\/\/hanfology.com\/en\/wp-json\/wp\/v2\/types\/page"}],"author":[{"embeddable":true,"href":"https:\/\/hanfology.com\/en\/wp-json\/wp\/v2\/users\/6"}],"replies":[{"embeddable":true,"href":"https:\/\/hanfology.com\/en\/wp-json\/wp\/v2\/comments?post=653"}],"version-history":[{"count":62,"href":"https:\/\/hanfology.com\/en\/wp-json\/wp\/v2\/pages\/653\/revisions"}],"predecessor-version":[{"id":1672,"href":"https:\/\/hanfology.com\/en\/wp-json\/wp\/v2\/pages\/653\/revisions\/1672"}],"wp:attachment":[{"href":"https:\/\/hanfology.com\/en\/wp-json\/wp\/v2\/media?parent=653"}],"curies":[{"name":"wp","href":"https:\/\/api.w.org\/{rel}","templated":true}]}}